{"id":61,"date":"2015-08-02T23:22:44","date_gmt":"2015-08-02T20:22:44","guid":{"rendered":"http:\/\/www.klhy.net\/wp\/?page_id=61"},"modified":"2023-02-22T20:51:31","modified_gmt":"2023-02-22T18:51:31","slug":"etusivu","status":"publish","type":"page","link":"https:\/\/www.klhy.net\/wp\/","title":{"rendered":"Etusivu"},"content":{"rendered":"<h4>Toimimme hirvikoirarotujen harrastajien yhdyssiteen\u00e4 Lapin l\u00e4\u00e4niss\u00e4.<\/h4>\n<p><a href=\"http:\/\/www.klhy.net\/wp\/wp-content\/uploads\/2022\/01\/SK1_8057.logo_.jpg\"><img loading=\"lazy\" decoding=\"async\" class=\"aligncenter wp-image-3324 size-large\" src=\"http:\/\/www.klhy.net\/wp\/wp-content\/uploads\/2022\/01\/SK1_8057.logo_-1024x680.jpg\" alt=\"\" width=\"640\" height=\"425\" srcset=\"https:\/\/www.klhy.net\/wp\/wp-content\/uploads\/2022\/01\/SK1_8057.logo_-1024x680.jpg 1024w, https:\/\/www.klhy.net\/wp\/wp-content\/uploads\/2022\/01\/SK1_8057.logo_-300x199.jpg 300w, https:\/\/www.klhy.net\/wp\/wp-content\/uploads\/2022\/01\/SK1_8057.logo_-768x510.jpg 768w, https:\/\/www.klhy.net\/wp\/wp-content\/uploads\/2022\/01\/SK1_8057.logo_-1536x1020.jpg 1536w, https:\/\/www.klhy.net\/wp\/wp-content\/uploads\/2022\/01\/SK1_8057.logo_-2048x1360.jpg 2048w\" sizes=\"auto, (max-width: 640px) 100vw, 640px\" \/><\/a><\/p>\n\n\n<div class=\"wp-block-buttons is-layout-flex wp-block-buttons-is-layout-flex\">\n<div class=\"wp-block-button\"><a class=\"wp-block-button__link has-black-color has-black-background-color has-text-color has-background\" href=\"http:\/\/www.klhy.net\/wp\/?page_id=3009\"><strong><span class=\"has-inline-color has-white-color\">Mestaritarottelun 2021 sivuille t\u00e4st\u00e4 &gt;&gt;<\/span><\/strong><\/a><\/div>\n<\/div>\n","protected":false},"excerpt":{"rendered":"Toimimme hirvikoirarotujen harrastajien yhdyssiteen\u00e4 Lapin l\u00e4\u00e4niss\u00e4.","protected":false},"author":1,"featured_media":0,"parent":0,"menu_order":0,"comment_status":"closed","ping_status":"closed","template":"","meta":{"footnotes":""},"class_list":["post-61","page","type-page","status-publish","hentry"],"_links":{"self":[{"href":"https:\/\/www.klhy.net\/wp\/index.php?rest_route=\/wp\/v2\/pages\/61","targetHints":{"allow":["GET"]}}],"collection":[{"href":"https:\/\/www.klhy.net\/wp\/index.php?rest_route=\/wp\/v2\/pages"}],"about":[{"href":"https:\/\/www.klhy.net\/wp\/index.php?rest_route=\/wp\/v2\/types\/page"}],"author":[{"embeddable":true,"href":"https:\/\/www.klhy.net\/wp\/index.php?rest_route=\/wp\/v2\/users\/1"}],"replies":[{"embeddable":true,"href":"https:\/\/www.klhy.net\/wp\/index.php?rest_route=%2Fwp%2Fv2%2Fcomments&post=61"}],"version-history":[{"count":80,"href":"https:\/\/www.klhy.net\/wp\/index.php?rest_route=\/wp\/v2\/pages\/61\/revisions"}],"predecessor-version":[{"id":3325,"href":"https:\/\/www.klhy.net\/wp\/index.php?rest_route=\/wp\/v2\/pages\/61\/revisions\/3325"}],"wp:attachment":[{"href":"https:\/\/www.klhy.net\/wp\/index.php?rest_route=%2Fwp%2Fv2%2Fmedia&parent=61"}],"curies":[{"name":"wp","href":"https:\/\/api.w.org\/{rel}","templated":true}]}}