{"id":3165,"date":"2021-09-16T15:10:50","date_gmt":"2021-09-16T12:10:50","guid":{"rendered":"http:\/\/www.klhy.net\/wp\/?page_id=3165"},"modified":"2021-11-16T15:12:48","modified_gmt":"2021-11-16T13:12:48","slug":"tulostaulu","status":"publish","type":"page","link":"https:\/\/www.klhy.net\/wp\/?page_id=3165","title":{"rendered":"Tulostaulu"},"content":{"rendered":"\n<p>Mestaritar 2021 tulokset:<\/p>\n\n\n\n<figure class=\"wp-block-image size-large\"><a href=\"http:\/\/www.klhy.net\/wp\/wp-content\/uploads\/2021\/11\/IMG_9879-scaled.jpg\"><img loading=\"lazy\" decoding=\"async\" width=\"1024\" height=\"572\" src=\"http:\/\/www.klhy.net\/wp\/wp-content\/uploads\/2021\/11\/IMG_9879-1024x572.jpg\" alt=\"\" class=\"wp-image-3263\" srcset=\"https:\/\/www.klhy.net\/wp\/wp-content\/uploads\/2021\/11\/IMG_9879-1024x572.jpg 1024w, https:\/\/www.klhy.net\/wp\/wp-content\/uploads\/2021\/11\/IMG_9879-300x167.jpg 300w, https:\/\/www.klhy.net\/wp\/wp-content\/uploads\/2021\/11\/IMG_9879-768x429.jpg 768w, https:\/\/www.klhy.net\/wp\/wp-content\/uploads\/2021\/11\/IMG_9879-1536x858.jpg 1536w, https:\/\/www.klhy.net\/wp\/wp-content\/uploads\/2021\/11\/IMG_9879-2048x1143.jpg 2048w\" sizes=\"auto, (max-width: 1024px) 100vw, 1024px\" \/><\/a><\/figure>\n\n\n\n<ol class=\"wp-block-list\"><li><a rel=\"noreferrer noopener\" href=\"http:\/\/koiratietokanta.fi\/shhj\/koirantiedot.php?lang=fi&amp;Reknro=FI26560\/14\" target=\"_blank\">FI26560\/14<\/a> AUTIOVAARAN RILLA, Marko Mettovaara 85,5p. <\/li><li><a rel=\"noreferrer noopener\" href=\"http:\/\/koiratietokanta.fi\/shhj\/koirantiedot.php?lang=fi&amp;Reknro=FI28226\/19\" target=\"_blank\">FI28226\/19<\/a> RENTONIEMEN SELMA, Kimmo Karppinen 85,5p. <\/li><li><a rel=\"noreferrer noopener\" href=\"http:\/\/koiratietokanta.fi\/shhj\/koirantiedot.php?lang=fi&amp;Reknro=FI30400\/12\" target=\"_blank\">FI30400\/12<\/a> TEERENNEVAN SINI, Jari ja Janne Korpela 79p. <\/li><li><a rel=\"noreferrer noopener\" href=\"http:\/\/koiratietokanta.fi\/shhj\/koirantiedot.php?lang=fi&amp;Reknro=FI26333\/17\" target=\"_blank\">FI26333\/17<\/a> MURHEENLAAKSON JASSU, Pekka Korpinen 79p. <\/li><li><a rel=\"noreferrer noopener\" href=\"http:\/\/koiratietokanta.fi\/shhj\/koirantiedot.php?lang=fi&amp;Reknro=FI24546\/20\" target=\"_blank\">FI24546\/20<\/a> PERKAUDEN UNNA, Juha Kinnunen ja Marika Etel\u00e4kari 61,5p.<\/li><li><a rel=\"noreferrer noopener\" href=\"http:\/\/koiratietokanta.fi\/shhj\/koirantiedot.php?lang=fi&amp;Reknro=FI38173\/18\" target=\"_blank\">FI38173\/18<\/a> HILLAVAARAN PIMU, Teljo Laine 60,5p. <\/li><li><a rel=\"noreferrer noopener\" href=\"http:\/\/koiratietokanta.fi\/shhj\/koirantiedot.php?lang=fi&amp;Reknro=FI31560\/18\" target=\"_blank\">FI31560\/18<\/a> ETUOTON ONNIN BOUTA, Cristoffer Hampf 39p.<\/li><li><a rel=\"noreferrer noopener\" href=\"http:\/\/koiratietokanta.fi\/shhj\/koirantiedot.php?lang=fi&amp;Reknro=FI24978\/16\" target=\"_blank\">FI24978\/16<\/a> ELSA, Eija Hakkola 38p.<\/li><li><a rel=\"noreferrer noopener\" href=\"http:\/\/koiratietokanta.fi\/shhj\/koirantiedot.php?lang=fi&amp;Reknro=FI49468\/17\" target=\"_blank\">FI49468\/17<\/a> REUTUN SINNI, Sauli Kaltakari 35,5p.<\/li><li><a rel=\"noreferrer noopener\" href=\"http:\/\/koiratietokanta.fi\/shhj\/koirantiedot.php?lang=fi&amp;Reknro=FI12941\/16\" target=\"_blank\">FI12941\/16<\/a> KARHUKAMMIN ANGELI, Juha Papinsaari 25,5p.<\/li><li><a rel=\"noreferrer noopener\" href=\"http:\/\/koiratietokanta.fi\/shhj\/koirantiedot.php?lang=fi&amp;Reknro=FI19649\/16\" target=\"_blank\">FI19649\/16<\/a> PIELESRINTEEN QUINO, Karoliina ja Mika Koitela 14p.<\/li><li><a rel=\"noreferrer noopener\" href=\"http:\/\/koiratietokanta.fi\/shhj\/koirantiedot.php?lang=fi&amp;Reknro=FI18397\/19\" target=\"_blank\">FI18397\/19<\/a> S\u00c4RKK\u00c4VAARAN RINNA, Valtteri Romppainen 8p.<\/li><\/ol>\n\n\n\n<p><strong>Kutsuvieraiden tuomat erityispalkinnot:<\/strong><\/p>\n\n\n\n<p>Suomen pystykorvaj\u00e4rjest\u00f6, Pisin kiinni otettu karkko, Hillavaaran Pimu<br>Suomen Laikaj\u00e4rjest\u00f6, Eniten ampumatilaisuuksia, Autiovaaran Rilla<br>Suomen Ajokoiraj\u00e4rjest\u00f6, Eniten siirtyv\u00e4\u00e4 haukkua, Rentoniemen Selma<br>Riistakeskus, Nopein l\u00f6yt\u00f6, Perkauden Unna<br>Lapin kennelpiiri, Pisin l\u00f6yt\u00f6matka, Hillavaaran Pimu<br>Mets\u00e4st\u00e4j\u00e4liitto, Tottelevaisin koira, Autiovaaran Rilla<\/p>\n\n\n\n<p>Linkki tulospalveluun: <a rel=\"noreferrer noopener\" href=\"https:\/\/koiratietokanta.fi\/hirvikoetulokset\/Rovaniemi_20211112.htm\" target=\"_blank\">Tulospalvelu<\/a><\/p>\n\n\n\n<figure class=\"wp-block-image size-large\"><a href=\"http:\/\/www.klhy.net\/wp\/wp-content\/uploads\/2021\/11\/IMG_9881-scaled.jpg\"><img loading=\"lazy\" decoding=\"async\" width=\"1024\" height=\"711\" src=\"http:\/\/www.klhy.net\/wp\/wp-content\/uploads\/2021\/11\/IMG_9881-1024x711.jpg\" alt=\"\" class=\"wp-image-3269\" srcset=\"https:\/\/www.klhy.net\/wp\/wp-content\/uploads\/2021\/11\/IMG_9881-1024x711.jpg 1024w, https:\/\/www.klhy.net\/wp\/wp-content\/uploads\/2021\/11\/IMG_9881-300x208.jpg 300w, https:\/\/www.klhy.net\/wp\/wp-content\/uploads\/2021\/11\/IMG_9881-768x533.jpg 768w, https:\/\/www.klhy.net\/wp\/wp-content\/uploads\/2021\/11\/IMG_9881-1536x1066.jpg 1536w, https:\/\/www.klhy.net\/wp\/wp-content\/uploads\/2021\/11\/IMG_9881-2048x1422.jpg 2048w\" sizes=\"auto, (max-width: 1024px) 100vw, 1024px\" \/><\/a><figcaption>AUTIOVAARAN RILLA, Marko Mettovaara<\/figcaption><\/figure>\n\n\n\n<figure class=\"wp-block-image size-large\"><a href=\"http:\/\/www.klhy.net\/wp\/wp-content\/uploads\/2021\/11\/IMG_9915-scaled.jpg\"><img loading=\"lazy\" decoding=\"async\" width=\"1024\" height=\"772\" src=\"http:\/\/www.klhy.net\/wp\/wp-content\/uploads\/2021\/11\/IMG_9915-1024x772.jpg\" alt=\"\" class=\"wp-image-3270\" srcset=\"https:\/\/www.klhy.net\/wp\/wp-content\/uploads\/2021\/11\/IMG_9915-1024x772.jpg 1024w, https:\/\/www.klhy.net\/wp\/wp-content\/uploads\/2021\/11\/IMG_9915-300x226.jpg 300w, https:\/\/www.klhy.net\/wp\/wp-content\/uploads\/2021\/11\/IMG_9915-768x579.jpg 768w, https:\/\/www.klhy.net\/wp\/wp-content\/uploads\/2021\/11\/IMG_9915-1536x1158.jpg 1536w, https:\/\/www.klhy.net\/wp\/wp-content\/uploads\/2021\/11\/IMG_9915-2048x1544.jpg 2048w\" sizes=\"auto, (max-width: 1024px) 100vw, 1024px\" \/><\/a><figcaption>RENTONIEMEN SELMA, Kimmo Karppinen<\/figcaption><\/figure>\n\n\n\n<figure class=\"wp-block-image size-large\"><a href=\"http:\/\/www.klhy.net\/wp\/wp-content\/uploads\/2021\/11\/IMG_9927-scaled.jpg\"><img loading=\"lazy\" decoding=\"async\" width=\"1024\" height=\"780\" src=\"http:\/\/www.klhy.net\/wp\/wp-content\/uploads\/2021\/11\/IMG_9927-1024x780.jpg\" alt=\"\" class=\"wp-image-3271\" srcset=\"https:\/\/www.klhy.net\/wp\/wp-content\/uploads\/2021\/11\/IMG_9927-1024x780.jpg 1024w, https:\/\/www.klhy.net\/wp\/wp-content\/uploads\/2021\/11\/IMG_9927-300x229.jpg 300w, https:\/\/www.klhy.net\/wp\/wp-content\/uploads\/2021\/11\/IMG_9927-768x585.jpg 768w, https:\/\/www.klhy.net\/wp\/wp-content\/uploads\/2021\/11\/IMG_9927-1536x1171.jpg 1536w, https:\/\/www.klhy.net\/wp\/wp-content\/uploads\/2021\/11\/IMG_9927-2048x1561.jpg 2048w\" sizes=\"auto, (max-width: 1024px) 100vw, 1024px\" \/><\/a><figcaption>TEERENNEVAN SINI, Jari ja Janne Korpela<\/figcaption><\/figure>\n\n\n\n<div class=\"wp-block-buttons is-layout-flex wp-block-buttons-is-layout-flex\">\n<div class=\"wp-block-button\"><a class=\"wp-block-button__link has-black-color has-cyan-bluish-gray-background-color has-text-color has-background\" href=\"http:\/\/www.klhy.net\/wp\/?page_id=3009\"><strong>Takaisin Mestaritarottelun etusivulle &gt;&gt;<\/strong><\/a><\/div>\n<\/div>\n","protected":false},"excerpt":{"rendered":"Mestaritar 2021 tulokset: FI26560\/14 AUTIOVAARAN RILLA, Marko Mettovaara 85,5p. FI28226\/19 RENTONIEMEN SELMA, Kimmo Karppinen 85,5p.","protected":false},"author":1,"featured_media":0,"parent":0,"menu_order":0,"comment_status":"closed","ping_status":"closed","template":"","meta":{"footnotes":""},"class_list":["post-3165","page","type-page","status-publish","hentry"],"_links":{"self":[{"href":"https:\/\/www.klhy.net\/wp\/index.php?rest_route=\/wp\/v2\/pages\/3165","targetHints":{"allow":["GET"]}}],"collection":[{"href":"https:\/\/www.klhy.net\/wp\/index.php?rest_route=\/wp\/v2\/pages"}],"about":[{"href":"https:\/\/www.klhy.net\/wp\/index.php?rest_route=\/wp\/v2\/types\/page"}],"author":[{"embeddable":true,"href":"https:\/\/www.klhy.net\/wp\/index.php?rest_route=\/wp\/v2\/users\/1"}],"replies":[{"embeddable":true,"href":"https:\/\/www.klhy.net\/wp\/index.php?rest_route=%2Fwp%2Fv2%2Fcomments&post=3165"}],"version-history":[{"count":16,"href":"https:\/\/www.klhy.net\/wp\/index.php?rest_route=\/wp\/v2\/pages\/3165\/revisions"}],"predecessor-version":[{"id":3285,"href":"https:\/\/www.klhy.net\/wp\/index.php?rest_route=\/wp\/v2\/pages\/3165\/revisions\/3285"}],"wp:attachment":[{"href":"https:\/\/www.klhy.net\/wp\/index.php?rest_route=%2Fwp%2Fv2%2Fmedia&parent=3165"}],"curies":[{"name":"wp","href":"https:\/\/api.w.org\/{rel}","templated":true}]}}