{"id":3153,"date":"2021-09-16T14:30:11","date_gmt":"2021-09-16T11:30:11","guid":{"rendered":"http:\/\/www.klhy.net\/wp\/?page_id=3153"},"modified":"2021-10-24T11:14:40","modified_gmt":"2021-10-24T08:14:40","slug":"majoitus","status":"publish","type":"page","link":"https:\/\/www.klhy.net\/wp\/?page_id=3153","title":{"rendered":"Koepaikka"},"content":{"rendered":"\n<figure class=\"wp-block-image size-large is-resized\"><a href=\"https:\/\/www.metsahirvas.fi\/\" target=\"_blank\" rel=\"noopener\"><img loading=\"lazy\" decoding=\"async\" src=\"http:\/\/www.klhy.net\/wp\/wp-content\/uploads\/2021\/09\/index.jpg\" alt=\"\" class=\"wp-image-3158\" width=\"385\" height=\"172\" srcset=\"https:\/\/www.klhy.net\/wp\/wp-content\/uploads\/2021\/09\/index.jpg 335w, https:\/\/www.klhy.net\/wp\/wp-content\/uploads\/2021\/09\/index-300x134.jpg 300w\" sizes=\"auto, (max-width: 385px) 100vw, 385px\" \/><\/a><\/figure>\n\n\n\n<p><\/p>\n\n\n\n<p>Koepaikkana toimii Hotelli Mets\u00e4hirvas, osoite Toukolantie 49, 97130 Hirvas. <\/p>\n\n\n\n<p>Majoittumiseen on varattuna 4 hengen huoneita. Koirien y\u00f6pyminen majoitustiloissa edellytt\u00e4\u00e4 lis\u00e4maksua, jonka maksaa koiranohjaaja.<br>Hotellin huoneet ovat remontoituja, joissa kaikissa on suihku ja wc.<br>Lis\u00e4tietoa majoituksesta Hotelli mets\u00e4hirvas 0400 315099 tai Juhani Ylitalo 0400 692850<\/p>\n\n\n\n<p><a href=\"https:\/\/www.metsahirvas.fi\/\">Hotelli Mets\u00e4hirvas<\/a><\/p>\n\n\n\n<p><\/p>\n\n\n\n<div class=\"wp-block-buttons is-layout-flex wp-block-buttons-is-layout-flex\">\n<div class=\"wp-block-button\"><a class=\"wp-block-button__link has-black-color has-cyan-bluish-gray-background-color has-text-color has-background\" href=\"http:\/\/www.klhy.net\/wp\/?page_id=3009\"><strong>Takaisin Mestaritarottelun etusivulle &gt;&gt;<\/strong><\/a><\/div>\n<\/div>\n","protected":false},"excerpt":{"rendered":"Koepaikkana toimii Hotelli Mets\u00e4hirvas, osoite Toukolantie 49, 97130 Hirvas. Majoittumiseen on varattuna 4 hengen huoneita.","protected":false},"author":1,"featured_media":0,"parent":0,"menu_order":0,"comment_status":"closed","ping_status":"closed","template":"","meta":{"footnotes":""},"class_list":["post-3153","page","type-page","status-publish","hentry"],"_links":{"self":[{"href":"https:\/\/www.klhy.net\/wp\/index.php?rest_route=\/wp\/v2\/pages\/3153","targetHints":{"allow":["GET"]}}],"collection":[{"href":"https:\/\/www.klhy.net\/wp\/index.php?rest_route=\/wp\/v2\/pages"}],"about":[{"href":"https:\/\/www.klhy.net\/wp\/index.php?rest_route=\/wp\/v2\/types\/page"}],"author":[{"embeddable":true,"href":"https:\/\/www.klhy.net\/wp\/index.php?rest_route=\/wp\/v2\/users\/1"}],"replies":[{"embeddable":true,"href":"https:\/\/www.klhy.net\/wp\/index.php?rest_route=%2Fwp%2Fv2%2Fcomments&post=3153"}],"version-history":[{"count":8,"href":"https:\/\/www.klhy.net\/wp\/index.php?rest_route=\/wp\/v2\/pages\/3153\/revisions"}],"predecessor-version":[{"id":3206,"href":"https:\/\/www.klhy.net\/wp\/index.php?rest_route=\/wp\/v2\/pages\/3153\/revisions\/3206"}],"wp:attachment":[{"href":"https:\/\/www.klhy.net\/wp\/index.php?rest_route=%2Fwp%2Fv2%2Fmedia&parent=3153"}],"curies":[{"name":"wp","href":"https:\/\/api.w.org\/{rel}","templated":true}]}}