{"id":3130,"date":"2021-09-16T13:55:44","date_gmt":"2021-09-16T10:55:44","guid":{"rendered":"http:\/\/www.klhy.net\/wp\/?page_id=3130"},"modified":"2021-11-12T17:59:38","modified_gmt":"2021-11-12T15:59:38","slug":"ohjelma","status":"publish","type":"page","link":"https:\/\/www.klhy.net\/wp\/?page_id=3130","title":{"rendered":"Ohjelma"},"content":{"rendered":"\n<p class=\"has-medium-font-size\"><strong>Torstai 11.11.<\/strong><\/p>\n\n\n\n<p><strong>15.00-18.00 <\/strong>Ilmoittautuminen, tulokahvit, majoittuminen ja koirien kuvaus (alk. klo 16.00)<br><strong>18.00<\/strong> Lipun nosto ja ottelun avaus<br><strong>18.10<\/strong>&nbsp;Tervehdykset ja tervehdyssanat<\/p>\n\n\n\n<p><strong>18.30<\/strong>&nbsp;Koirien ja maastojen esittelyt<br><strong>19.00<\/strong>&nbsp;Ylituomarin puhuttelu ja maastojen arvonta<br><strong>19.30<\/strong>&nbsp;Juhlaillallinen<\/p>\n\n\n\n<p class=\"has-medium-font-size\"><strong>Perjantai 12.11.<\/strong><\/p>\n\n\n\n<p><strong>5.30 <\/strong>Aamupala ja maastoev\u00e4iden nouto<br><strong>7.00<\/strong>&nbsp;L\u00e4ht\u00f6 maastoihin<\/p>\n\n\n\n<p><strong>10.00<\/strong> Ylituomarin maastokierros (Ruikan Er\u00e4n talo)<br><strong>14.30<\/strong>\u00a0Ylituomarin vastaanotto ja lounas<br><strong><s>19.00 <\/s> 18.30<\/strong> Palkintojen jako ja ottelun p\u00e4\u00e4tt\u00e4minen<\/p>\n\n\n\n<p class=\"has-text-align-left\"><strong>T\u00e4ytekakkukahvit<\/strong><\/p>\n\n\n\n<p><\/p>\n\n\n\n<div class=\"wp-block-buttons is-layout-flex wp-block-buttons-is-layout-flex\">\n<div class=\"wp-block-button\"><a class=\"wp-block-button__link has-black-color has-cyan-bluish-gray-background-color has-text-color has-background\" href=\"http:\/\/www.klhy.net\/wp\/?page_id=3009\"><strong>Takaisin Mestaritarottelun etusivulle &gt;&gt;<\/strong><\/a><\/div>\n<\/div>\n","protected":false},"excerpt":{"rendered":"Torstai 11.11. 15.00-18.00 Ilmoittautuminen, tulokahvit, majoittuminen ja koirien kuvaus (alk. klo 16.00)18.00 Lipun nosto ja","protected":false},"author":1,"featured_media":0,"parent":0,"menu_order":0,"comment_status":"closed","ping_status":"closed","template":"","meta":{"footnotes":""},"class_list":["post-3130","page","type-page","status-publish","hentry"],"_links":{"self":[{"href":"https:\/\/www.klhy.net\/wp\/index.php?rest_route=\/wp\/v2\/pages\/3130","targetHints":{"allow":["GET"]}}],"collection":[{"href":"https:\/\/www.klhy.net\/wp\/index.php?rest_route=\/wp\/v2\/pages"}],"about":[{"href":"https:\/\/www.klhy.net\/wp\/index.php?rest_route=\/wp\/v2\/types\/page"}],"author":[{"embeddable":true,"href":"https:\/\/www.klhy.net\/wp\/index.php?rest_route=\/wp\/v2\/users\/1"}],"replies":[{"embeddable":true,"href":"https:\/\/www.klhy.net\/wp\/index.php?rest_route=%2Fwp%2Fv2%2Fcomments&post=3130"}],"version-history":[{"count":5,"href":"https:\/\/www.klhy.net\/wp\/index.php?rest_route=\/wp\/v2\/pages\/3130\/revisions"}],"predecessor-version":[{"id":3262,"href":"https:\/\/www.klhy.net\/wp\/index.php?rest_route=\/wp\/v2\/pages\/3130\/revisions\/3262"}],"wp:attachment":[{"href":"https:\/\/www.klhy.net\/wp\/index.php?rest_route=%2Fwp%2Fv2%2Fmedia&parent=3130"}],"curies":[{"name":"wp","href":"https:\/\/api.w.org\/{rel}","templated":true}]}}