{"id":3009,"date":"2021-08-18T16:58:03","date_gmt":"2021-08-18T13:58:03","guid":{"rendered":"http:\/\/www.klhy.net\/wp\/?page_id=3009"},"modified":"2021-11-12T21:51:57","modified_gmt":"2021-11-12T19:51:57","slug":"mestaritarottelu-2021","status":"publish","type":"page","link":"https:\/\/www.klhy.net\/wp\/?page_id=3009","title":{"rendered":"Mestaritarottelu 2021"},"content":{"rendered":"\n<div class=\"wp-block-columns is-layout-flex wp-container-core-columns-is-layout-9d6595d7 wp-block-columns-is-layout-flex\">\n<div class=\"wp-block-column is-layout-flow wp-block-column-is-layout-flow\">\n<div class=\"wp-block-columns is-layout-flex wp-container-core-columns-is-layout-9d6595d7 wp-block-columns-is-layout-flex\">\n<div class=\"wp-block-column is-layout-flow wp-block-column-is-layout-flow\">\n<figure class=\"wp-block-image size-large is-resized\"><a href=\"http:\/\/www.klhy.net\/wp\/wp-content\/uploads\/2021\/09\/cropped-shhj-2.jpg\"><img loading=\"lazy\" decoding=\"async\" src=\"http:\/\/www.klhy.net\/wp\/wp-content\/uploads\/2021\/09\/cropped-shhj-2.jpg\" alt=\"\" class=\"wp-image-3134\" width=\"358\" height=\"358\" srcset=\"https:\/\/www.klhy.net\/wp\/wp-content\/uploads\/2021\/09\/cropped-shhj-2.jpg 512w, https:\/\/www.klhy.net\/wp\/wp-content\/uploads\/2021\/09\/cropped-shhj-2-300x300.jpg 300w, https:\/\/www.klhy.net\/wp\/wp-content\/uploads\/2021\/09\/cropped-shhj-2-150x150.jpg 150w\" sizes=\"auto, (max-width: 358px) 100vw, 358px\" \/><\/a><\/figure>\n<\/div>\n\n\n\n<div class=\"wp-block-column is-layout-flow wp-block-column-is-layout-flow\">\n<p>SHHJ:n harmaanarttujen Mestaritarottelu kilpailtiin Rovaniemell\u00e4 12.11.2021. Mestaritar vuosimallia 2021 on Autiovaaran Rilla. <\/p>\n\n\n\n<p>Ottelupaikkana toimi Hotelli Mets\u00e4hirvas. Kokeen ylituomarina toimi Markku Kontra. <\/p>\n\n\n\n<p><a href=\"http:\/\/www.klhy.net\/wp\/?page_id=3165\">Kokeen tuloksiin p\u00e4\u00e4set t\u00e4\u00e4lt\u00e4. <\/a><\/p>\n\n\n\n<p><a href=\"https:\/\/www.facebook.com\/SHHJn-Hirvimestaritarottelu-239520207985740\">Tapahtuman sivut my\u00f6s Facebookissa!<\/a><\/p>\n<\/div>\n<\/div>\n<\/div>\n<\/div>\n\n\n\n<figure class=\"wp-block-image size-large\"><a href=\"http:\/\/www.klhy.net\/wp\/wp-content\/uploads\/2021\/11\/IMG_9879-scaled.jpg\"><img loading=\"lazy\" decoding=\"async\" width=\"1024\" height=\"572\" src=\"http:\/\/www.klhy.net\/wp\/wp-content\/uploads\/2021\/11\/IMG_9879-1024x572.jpg\" alt=\"\" class=\"wp-image-3263\" srcset=\"https:\/\/www.klhy.net\/wp\/wp-content\/uploads\/2021\/11\/IMG_9879-1024x572.jpg 1024w, https:\/\/www.klhy.net\/wp\/wp-content\/uploads\/2021\/11\/IMG_9879-300x167.jpg 300w, https:\/\/www.klhy.net\/wp\/wp-content\/uploads\/2021\/11\/IMG_9879-768x429.jpg 768w, https:\/\/www.klhy.net\/wp\/wp-content\/uploads\/2021\/11\/IMG_9879-1536x858.jpg 1536w, https:\/\/www.klhy.net\/wp\/wp-content\/uploads\/2021\/11\/IMG_9879-2048x1143.jpg 2048w\" sizes=\"auto, (max-width: 1024px) 100vw, 1024px\" \/><\/a><figcaption><strong>Hirvimestaritar 2021: Autiovaaran Rilla, omistaja Marko Mettovaara<br>Kisan toinen: Rentoniemen Selma, omistaja Kimmo Karppinen<br>Kisan kolmas: Teerennevan Sini, omistajat Jari ja Janne Korpela<\/strong><\/figcaption><\/figure>\n\n\n\n<div class=\"wp-block-buttons is-layout-flex wp-block-buttons-is-layout-flex\">\n<div class=\"wp-block-button is-style-fill\"><a class=\"wp-block-button__link has-black-color has-cyan-bluish-gray-background-color has-text-color has-background\" href=\"http:\/\/www.klhy.net\/wp\/?page_id=3130\"><strong>Ohjelma &gt;&gt;<\/strong><\/a><\/div>\n\n\n\n<div class=\"wp-block-button is-style-fill\"><a class=\"wp-block-button__link has-black-color has-cyan-bluish-gray-background-color has-text-color has-background\" href=\"http:\/\/www.klhy.net\/wp\/?page_id=3153\"><strong>Koepaikka &gt;&gt;<\/strong><\/a><\/div>\n\n\n\n<div class=\"wp-block-button is-style-fill\"><a class=\"wp-block-button__link has-black-color has-cyan-bluish-gray-background-color has-text-color has-background\" href=\"http:\/\/www.klhy.net\/wp\/?page_id=3161\"><strong>Osallistujat &gt;&gt;<\/strong><\/a><\/div>\n\n\n\n<div class=\"wp-block-button is-style-fill\"><a class=\"wp-block-button__link has-black-color has-cyan-bluish-gray-background-color has-text-color has-background\" href=\"http:\/\/www.klhy.net\/wp\/?page_id=3165\"><strong>Tulostaulu &gt;&gt;<\/strong><\/a><\/div>\n\n\n\n<div class=\"wp-block-button is-style-fill\"><a class=\"wp-block-button__link has-black-color has-cyan-bluish-gray-background-color has-text-color has-background\" href=\"http:\/\/www.klhy.net\/wp\/?page_id=3056\"><strong>Ottelutoimikunta &gt;&gt;<\/strong><\/a><\/div>\n\n\n\n<div class=\"wp-block-button is-style-fill\"><a class=\"wp-block-button__link has-black-color has-cyan-bluish-gray-background-color has-text-color has-background\" href=\"http:\/\/www.klhy.net\/wp\/?page_id=3078\"><strong>Sponsorit &gt;&gt;<\/strong><\/a><\/div>\n<\/div>\n\n\n\n<div class=\"wp-block-columns is-layout-flex wp-container-core-columns-is-layout-9d6595d7 wp-block-columns-is-layout-flex\">\n<div class=\"wp-block-column is-layout-flow wp-block-column-is-layout-flow\" style=\"flex-basis:100%\"><\/div>\n<\/div>\n\n\n\n<p><\/p>\n","protected":false},"excerpt":{"rendered":"SHHJ:n harmaanarttujen Mestaritarottelu kilpailtiin Rovaniemell\u00e4 12.11.2021. Mestaritar vuosimallia 2021 on Autiovaaran Rilla. Ottelupaikkana toimi Hotelli","protected":false},"author":1,"featured_media":3087,"parent":0,"menu_order":0,"comment_status":"closed","ping_status":"closed","template":"","meta":{"footnotes":""},"class_list":["post-3009","page","type-page","status-publish","has-post-thumbnail","hentry"],"_links":{"self":[{"href":"https:\/\/www.klhy.net\/wp\/index.php?rest_route=\/wp\/v2\/pages\/3009","targetHints":{"allow":["GET"]}}],"collection":[{"href":"https:\/\/www.klhy.net\/wp\/index.php?rest_route=\/wp\/v2\/pages"}],"about":[{"href":"https:\/\/www.klhy.net\/wp\/index.php?rest_route=\/wp\/v2\/types\/page"}],"author":[{"embeddable":true,"href":"https:\/\/www.klhy.net\/wp\/index.php?rest_route=\/wp\/v2\/users\/1"}],"replies":[{"embeddable":true,"href":"https:\/\/www.klhy.net\/wp\/index.php?rest_route=%2Fwp%2Fv2%2Fcomments&post=3009"}],"version-history":[{"count":17,"href":"https:\/\/www.klhy.net\/wp\/index.php?rest_route=\/wp\/v2\/pages\/3009\/revisions"}],"predecessor-version":[{"id":3273,"href":"https:\/\/www.klhy.net\/wp\/index.php?rest_route=\/wp\/v2\/pages\/3009\/revisions\/3273"}],"wp:featuredmedia":[{"embeddable":true,"href":"https:\/\/www.klhy.net\/wp\/index.php?rest_route=\/wp\/v2\/media\/3087"}],"wp:attachment":[{"href":"https:\/\/www.klhy.net\/wp\/index.php?rest_route=%2Fwp%2Fv2%2Fmedia&parent=3009"}],"curies":[{"name":"wp","href":"https:\/\/api.w.org\/{rel}","templated":true}]}}