{"id":32,"date":"2015-07-13T22:59:34","date_gmt":"2015-07-13T19:59:34","guid":{"rendered":"http:\/\/www.klhy.net\/wp\/?page_id=32"},"modified":"2026-03-13T20:08:44","modified_gmt":"2026-03-13T18:08:44","slug":"yhdistys","status":"publish","type":"page","link":"http:\/\/www.klhy.net\/wp\/?page_id=32","title":{"rendered":"Yhdistys"},"content":{"rendered":"\n<p><strong>Keski-Lapin Hirvikoirayhdistys ry.<\/strong><\/p>\n\n\n\n<p>Yhdistyksen kotipaikka on Rovaniemen kaupungissa Lapin l\u00e4\u00e4niss\u00e4. Yhdistys on perustettu 23. maaliskuuta 1992. Yhdistyksen kieli on suomi. Yhdistyksen tarkoituksena on toimia hirvikoirarotujen harrastajien yhdyssiteen\u00e4 Lapin l\u00e4\u00e4niss\u00e4.<\/p>\n\n\n\n<p class=\"has-text-align-left\">Yhdistys kuuluu j\u00e4senen\u00e4 seuraaviin valtakunnallisiin kennel- ja rotuj\u00e4rjest\u00f6ihin:<br>Suomen Kennelliitto- Finska Kennelklubben r.y.<br>Suomen Harmaahirvikoiraj\u00e4rjest\u00f6 &#8211; Finska J\u00e4mt- och gr\u00e5hundklubben r.y.<br>Suomen Pystykorvaj\u00e4rjest\u00f6 &#8211; Finska Spetsklubben r.y.<br>Suomen Laikaj\u00e4rjest\u00f6 &#8211; Finska Laikaklubben r.y.<\/p>\n\n\n\n<div class=\"wp-block-group\"><div class=\"wp-block-group__inner-container is-layout-flow wp-block-group-is-layout-flow\">\n<p class=\"has-text-align-center\"><strong>Keski-Lapin Hirvikoirayhdistyksen puheenjohtajat&nbsp;&nbsp;&nbsp;&nbsp;&nbsp;&nbsp;&nbsp;&nbsp;&nbsp;&nbsp;&nbsp;&nbsp;&nbsp;<\/strong><\/p>\n\n\n\n<ul class=\"wp-block-list\"><li>Jaakko Alapurainen 1992 &#8211; 1993<\/li><li>Urpo Kainulainen 1994 &#8211; 1997<\/li><li>Risto Nuutinen 1998<\/li><li>Pentti Ylitalo 1999 &#8211; 2008<\/li><li>Juhani Ylitalo 2009 &#8211; 2018<\/li><li>Markus Ylitalo 2019 &#8211;<\/li><\/ul>\n<\/div><\/div>\n\n\n\n<p class=\"has-text-align-center\"><strong>Keski-Lapin Hirvikoirayhdistyksen Standaarit<\/strong><\/p>\n\n\n\n<p>Nimi ja luovutusvuosi<\/p>\n\n\n\n<ul class=\"wp-block-list\">\n<li>Jaakko Alapurainen<\/li>\n\n\n\n<li>Alpi Olli 2006<\/li>\n\n\n\n<li>Matti Ylij\u00e4\u00e4sk\u00f6 2007<\/li>\n\n\n\n<li>Risto Nuutinen 2007<\/li>\n\n\n\n<li>Pentti Ylitalo 2009<\/li>\n\n\n\n<li>Tuula Trast 2012<\/li>\n\n\n\n<li>Martti Ruonakoski 2012<\/li>\n\n\n\n<li>Suomen Laikaj\u00e4rjest\u00f6 ry 2012<\/li>\n\n\n\n<li>Narkaus-K\u00e4m\u00e4n Er\u00e4 ry 2012<\/li>\n\n\n\n<li>Jarmo Huovinen 2013<\/li>\n\n\n\n<li>Kauko Heiskanen 2015<\/li>\n\n\n\n<li><\/li>\n<\/ul>\n\n\n\n<p class=\"has-text-align-center\"><strong>Viksun malja<\/strong><\/p>\n\n\n\n<p class=\"has-text-align-center\">Viksun malja jaetaan ahkerasta haukkukokeiden j\u00e4rjestely teht\u00e4vist\u00e4 ja tuomaritoiminnasta<em>.<\/em><\/p>\n\n\n\n<ul class=\"wp-block-list\">\n<li>1993 Sakari Marjeta<\/li>\n\n\n\n<li>1994 Urpo N\u00e4tynki<\/li>\n\n\n\n<li>1995 Eenokki Lehto<\/li>\n\n\n\n<li>1996 Sakari Rautio<\/li>\n\n\n\n<li>1997 Esko Kariniemi<\/li>\n\n\n\n<li>1998 Hannu Olli<\/li>\n\n\n\n<li>1999 Jouko Schoultz<\/li>\n\n\n\n<li>2000 Matti Ylij\u00e4\u00e4sk\u00f6<\/li>\n\n\n\n<li>2001 Alpi Olli<\/li>\n\n\n\n<li>2002 Kaarlo Juusola<\/li>\n\n\n\n<li>2003 Jarmo Huovinen<\/li>\n\n\n\n<li>2004 Antti K\u00f6rkk\u00f6<\/li>\n\n\n\n<li>2005 Juhani Ojala<\/li>\n\n\n\n<li>2006 Tommi Heikkil\u00e4<\/li>\n\n\n\n<li>2007 Jussi Rieppo<\/li>\n\n\n\n<li>2008 Aatu Heikkil\u00e4<\/li>\n\n\n\n<li>2009 Sakari Rautio<\/li>\n\n\n\n<li>2010 Kauko Heiskanen<\/li>\n\n\n\n<li>2011 Reijo Myll\u00e4ri<\/li>\n\n\n\n<li>2012 Markku Luosuj\u00e4rvi<\/li>\n\n\n\n<li>2013 Esko posio<\/li>\n\n\n\n<li>2014 Juha Lohela<\/li>\n\n\n\n<li>2015 Sulevi Ruonakoski<\/li>\n\n\n\n<li>2016 Juhani Ylitalo<\/li>\n\n\n\n<li>2017 Vili V\u00e4yrynen<\/li>\n\n\n\n<li>2018 Arto Heikkinen<\/li>\n\n\n\n<li>2019 Juha Tolppi<\/li>\n\n\n\n<li>2020 Kimmo Kontio<\/li>\n\n\n\n<li>2021 Kari Gullsten<\/li>\n\n\n\n<li>2022 Kalevi N\u00e4\u00e4tsaari<\/li>\n\n\n\n<li>2023 Matti Saraniemi<\/li>\n\n\n\n<li>2024 Matti Ylij\u00e4\u00e4sk\u00f6<\/li>\n\n\n\n<li>2025 Markus Ylitalo<\/li>\n<\/ul>\n\n\n\n<p class=\"has-luminous-vivid-orange-color has-text-color\">Linkit:<br><a href=\"http:\/\/www.klhy.net\/klhy-materiaali\/liite%20-materiaali\/yhdistys\/klhy_saanto.html\" target=\"_blank\" rel=\"noreferrer noopener\">Yhdistyksen s\u00e4\u00e4nn\u00f6t<\/a><\/p>\n\n\n\n<p class=\"has-luminous-vivid-orange-color has-text-color\"><a href=\"http:\/\/www.klhy.net\/klhy-materiaali\/liite%20-materiaali\/yhdistys\/ystavyysottelun_saannot.html\" target=\"_blank\" rel=\"noreferrer noopener\">Yst\u00e4vyysottelun s\u00e4\u00e4nn\u00f6t<\/a><\/p>\n","protected":false},"excerpt":{"rendered":"Keski-Lapin Hirvikoirayhdistys ry. Yhdistyksen kotipaikka on Rovaniemen kaupungissa Lapin l\u00e4\u00e4niss\u00e4. Yhdistys on perustettu 23. maaliskuuta","protected":false},"author":1,"featured_media":0,"parent":0,"menu_order":0,"comment_status":"open","ping_status":"open","template":"","meta":{"footnotes":""},"class_list":["post-32","page","type-page","status-publish","hentry"],"_links":{"self":[{"href":"http:\/\/www.klhy.net\/wp\/index.php?rest_route=\/wp\/v2\/pages\/32","targetHints":{"allow":["GET"]}}],"collection":[{"href":"http:\/\/www.klhy.net\/wp\/index.php?rest_route=\/wp\/v2\/pages"}],"about":[{"href":"http:\/\/www.klhy.net\/wp\/index.php?rest_route=\/wp\/v2\/types\/page"}],"author":[{"embeddable":true,"href":"http:\/\/www.klhy.net\/wp\/index.php?rest_route=\/wp\/v2\/users\/1"}],"replies":[{"embeddable":true,"href":"http:\/\/www.klhy.net\/wp\/index.php?rest_route=%2Fwp%2Fv2%2Fcomments&post=32"}],"version-history":[{"count":58,"href":"http:\/\/www.klhy.net\/wp\/index.php?rest_route=\/wp\/v2\/pages\/32\/revisions"}],"predecessor-version":[{"id":3639,"href":"http:\/\/www.klhy.net\/wp\/index.php?rest_route=\/wp\/v2\/pages\/32\/revisions\/3639"}],"wp:attachment":[{"href":"http:\/\/www.klhy.net\/wp\/index.php?rest_route=%2Fwp%2Fv2%2Fmedia&parent=32"}],"curies":[{"name":"wp","href":"https:\/\/api.w.org\/{rel}","templated":true}]}}